{"id":4769,"date":"2021-12-01T16:07:11","date_gmt":"2021-12-01T16:07:11","guid":{"rendered":"https:\/\/eyewear.com.co\/?post_type=product&#038;p=4769"},"modified":"2024-11-18T14:36:28","modified_gmt":"2024-11-18T14:36:28","slug":"bliz-active-hero-black-m11","status":"publish","type":"product","link":"https:\/\/eyewear.com.co\/index.php\/product\/bliz-active-hero-black-m11\/","title":{"rendered":"Bliz Active Hero Black M11"},"content":{"rendered":"","protected":false},"excerpt":{"rendered":"<div><strong>REF:<\/strong> 52103-11<\/div>\n<div><strong>SIZE:<\/strong>\u00a0M\/L<\/div>\n<div class=\"ng-scope\"><strong>COLOR:<\/strong>\u00a0Matt Black<\/div>\n<div class=\"ng-scope\"><strong>LENS:<\/strong> Smoke w silver mirror<\/div>\n<div class=\"ng-scope\">\n<p><strong>FILTER CATEGORY:<\/strong> 3<\/p>\n<p>\u00bfUn par de anteojos que se ve tan bien como se sienten y mantiene la visi\u00f3n clara en diferentes condiciones clim\u00e1ticas? Como t\u00fa, un verdadero h\u00e9roe. Este es un modelo vers\u00e1til que combina muy bien con muchos tipos de deportes, ya sea que est\u00e9s en una bicicleta de monta\u00f1a a toda velocidad, en una carrera lenta o simplemente descansando en la playa, Hero est\u00e1 ah\u00ed contigo. El lente tiene la tecnolog\u00eda\u00a0 Hydro Lens Technology \u2122, lo que garantiza una visi\u00f3n clara y n\u00edtida en diferentes condiciones clim\u00e1ticas. Las patillas ajustables y la almohadilla para la nariz garantizan que siempre est\u00e9s c\u00f3modo. Si est\u00e1s buscando un gran compa\u00f1ero, \u00a1Hero puede ser tu mejor aliado!<\/p>\n<p>Como caracter\u00edstica \u00fanica, puede usar un adaptador \u00f3ptico que se puede ajustar a la prescripci\u00f3n de sus anteojos (se puede comprar por separado).<\/p>\n<\/div>\n","protected":false},"featured_media":4770,"template":"","meta":{"_acf_changed":false},"product_brand":[],"product_cat":[161,138,184,185],"product_tag":[167,164,165,169,168,166],"class_list":{"0":"post-4769","1":"product","2":"type-product","3":"status-publish","4":"has-post-thumbnail","6":"product_cat-dsi02","7":"product_cat-gafas-deportivas-active","8":"product_cat-hero","9":"product_cat-hero-hydro-lens-tech","10":"product_tag-ciclismo","11":"product_tag-hero","12":"product_tag-lente-oscuro","13":"product_tag-negro","14":"product_tag-playa","15":"product_tag-versatil","17":"first","18":"outofstock","19":"taxable","20":"shipping-taxable","21":"purchasable","22":"product-type-simple"},"acf":[],"_links":{"self":[{"href":"https:\/\/eyewear.com.co\/index.php\/wp-json\/wp\/v2\/product\/4769","targetHints":{"allow":["GET"]}}],"collection":[{"href":"https:\/\/eyewear.com.co\/index.php\/wp-json\/wp\/v2\/product"}],"about":[{"href":"https:\/\/eyewear.com.co\/index.php\/wp-json\/wp\/v2\/types\/product"}],"wp:featuredmedia":[{"embeddable":true,"href":"https:\/\/eyewear.com.co\/index.php\/wp-json\/wp\/v2\/media\/4770"}],"wp:attachment":[{"href":"https:\/\/eyewear.com.co\/index.php\/wp-json\/wp\/v2\/media?parent=4769"}],"wp:term":[{"taxonomy":"product_brand","embeddable":true,"href":"https:\/\/eyewear.com.co\/index.php\/wp-json\/wp\/v2\/product_brand?post=4769"},{"taxonomy":"product_cat","embeddable":true,"href":"https:\/\/eyewear.com.co\/index.php\/wp-json\/wp\/v2\/product_cat?post=4769"},{"taxonomy":"product_tag","embeddable":true,"href":"https:\/\/eyewear.com.co\/index.php\/wp-json\/wp\/v2\/product_tag?post=4769"}],"curies":[{"name":"wp","href":"https:\/\/api.w.org\/{rel}","templated":true}]}}