{"id":4768,"date":"2021-12-01T15:54:35","date_gmt":"2021-12-01T15:54:35","guid":{"rendered":"https:\/\/eyewear.com.co\/?post_type=product&#038;p=4768"},"modified":"2024-11-18T14:36:36","modified_gmt":"2024-11-18T14:36:36","slug":"fusion-nano-photochromic","status":"publish","type":"product","link":"https:\/\/eyewear.com.co\/index.php\/product\/fusion-nano-photochromic\/","title":{"rendered":"Fusion &#8211; Nano | Photochromic"},"content":{"rendered":"","protected":false},"excerpt":{"rendered":"<p><strong>REF:<\/strong> 52105-13P<br \/>\n<strong>SIZE:<\/strong>\u00a0M\/L<br \/>\n<strong>COLOR:<\/strong>\u00a0Matt Black<br \/>\n<strong>LENS:<\/strong> Brown w blue multi Photocromic<br \/>\n<strong>FILTER CATEGORY:<\/strong> 1<\/p>\n<p>Fusion y t\u00fa hacen una gran pareja. \u00a1Ambos son fuertes, flexibles e imbatibles! Este es un modelo \u00fanico, t\u00e9cnicamente avanzado y totalmente ajustable. Ligero y equipado con tecnolog\u00eda Jawbone. Las almohadillas para la nariz y las patillas ajustables brindan una comodidad superior. El lente cil\u00edndrico grande y ventilado maximiza su campo de visi\u00f3n. Fusion Nano Optics Photochromic est\u00e1 equipado con un lente fotocrom\u00e1tico que se ajusta autom\u00e1ticamente la oscuridad y a la intensidad de la luz solar (luz ultravioleta). Cuanto m\u00e1s fuerte sea el sol, m\u00e1s oscuro ser\u00e1 el lente para que puedas rendir al m\u00e1ximo sin importar las condiciones. El lente var\u00eda entre las categor\u00edas 1-3 seg\u00fan las condiciones clim\u00e1ticas. Adem\u00e1s, el lente tiene una distorsi\u00f3n m\u00ednima y propiedades antivaho integradas.<\/p>\n","protected":false},"featured_media":4540,"template":"","meta":{"_acf_changed":false},"product_brand":[],"product_cat":[163,161,148,178],"product_tag":[],"class_list":{"0":"post-4768","1":"product","2":"type-product","3":"status-publish","4":"has-post-thumbnail","6":"product_cat-blackfriday","7":"product_cat-dsi02","8":"product_cat-fusion","9":"product_cat-fusion-nano-optics-photochromic","11":"first","12":"outofstock","13":"sale","14":"taxable","15":"shipping-taxable","16":"purchasable","17":"product-type-simple"},"acf":[],"_links":{"self":[{"href":"https:\/\/eyewear.com.co\/index.php\/wp-json\/wp\/v2\/product\/4768","targetHints":{"allow":["GET"]}}],"collection":[{"href":"https:\/\/eyewear.com.co\/index.php\/wp-json\/wp\/v2\/product"}],"about":[{"href":"https:\/\/eyewear.com.co\/index.php\/wp-json\/wp\/v2\/types\/product"}],"wp:featuredmedia":[{"embeddable":true,"href":"https:\/\/eyewear.com.co\/index.php\/wp-json\/wp\/v2\/media\/4540"}],"wp:attachment":[{"href":"https:\/\/eyewear.com.co\/index.php\/wp-json\/wp\/v2\/media?parent=4768"}],"wp:term":[{"taxonomy":"product_brand","embeddable":true,"href":"https:\/\/eyewear.com.co\/index.php\/wp-json\/wp\/v2\/product_brand?post=4768"},{"taxonomy":"product_cat","embeddable":true,"href":"https:\/\/eyewear.com.co\/index.php\/wp-json\/wp\/v2\/product_cat?post=4768"},{"taxonomy":"product_tag","embeddable":true,"href":"https:\/\/eyewear.com.co\/index.php\/wp-json\/wp\/v2\/product_tag?post=4768"}],"curies":[{"name":"wp","href":"https:\/\/api.w.org\/{rel}","templated":true}]}}