{"id":4539,"date":"2021-08-17T00:05:00","date_gmt":"2021-08-17T00:05:00","guid":{"rendered":"https:\/\/eyewear.com.co\/?post_type=product&#038;p=4539"},"modified":"2024-11-18T14:59:04","modified_gmt":"2024-11-18T14:59:04","slug":"vision-nano-photochromic","status":"publish","type":"product","link":"https:\/\/eyewear.com.co\/index.php\/product\/vision-nano-photochromic\/","title":{"rendered":"Vision Nano | Photochromic"},"content":{"rendered":"","protected":false},"excerpt":{"rendered":"<div class=\"row\">\n<div class=\"col-70\">\n<div class=\"product-post__details\">\n<div><strong>REF:<\/strong> 52101-13P<\/div>\n<div><strong>SIZE:<\/strong>\u00a0M\/L<\/div>\n<div class=\"ng-scope\"><strong>COLOR:<\/strong>\u00a0Matt Black<\/div>\n<div class=\"ng-scope\"><strong>LENS:<\/strong> Brown w blue multi<\/div>\n<div class=\"ng-scope\"><strong>FILTER CATEGORY:<\/strong> 3<\/div>\n<p>Si se toma en serio su deporte, se toma en serio su visi\u00f3n. Por eso hemos desarrollado Vision pensando en usted. Un modelo tan personalizable que puedes hacerlo verdaderamente tuyo. Vision es t\u00e9cnicamente avanzado, liviano y altamente adaptable debido a su tecnolog\u00eda Jawbone. La almohadilla para la nariz y las patillas se ajustan f\u00e1cilmente para brindar una comodidad inmejorable. La gran lente cil\u00edndrica tiene una claridad \u00f3ptica excepcional y maximiza su campo de visi\u00f3n. Adem\u00e1s, tiene una ventilaci\u00f3n extraordinariamente eficiente. Vision est\u00e1 equipado con una lente fotocrom\u00e1tica Nano Optics, una lente fotocrom\u00e1tica con antivaho. Se oscurece y se aclara autom\u00e1ticamente con la fuerza de la luz solar (luz ultravioleta). Var\u00eda entre la categor\u00eda de filtro 2 y 4, lo que ofrece una protecci\u00f3n adicional cuando el sol es m\u00e1s brillante. Como beneficio adicional para aquellos de ustedes que usan anteojos, hay un adaptador \u00f3ptico que puede contener la prescripci\u00f3n de sus anteojos (se compra por separado). Vision es una elecci\u00f3n perfecta para el ciclismo, el esqu\u00ed y otros deportes exigentes. \u00a1Una oportunidad de obtener una visi\u00f3n 100% \u00f3ptima que se adapta perfectamente a sus necesidades personales!<\/p>\n<\/div>\n<\/div>\n<\/div>\n","protected":false},"featured_media":4540,"template":"","meta":{"_acf_changed":false},"product_brand":[],"product_cat":[163,161,149,181],"product_tag":[],"class_list":{"0":"post-4539","1":"product","2":"type-product","3":"status-publish","4":"has-post-thumbnail","6":"product_cat-blackfriday","7":"product_cat-dsi02","8":"product_cat-vision","9":"product_cat-vision-nano-optics-photochromic","11":"first","12":"outofstock","13":"taxable","14":"shipping-taxable","15":"purchasable","16":"product-type-simple"},"acf":[],"_links":{"self":[{"href":"https:\/\/eyewear.com.co\/index.php\/wp-json\/wp\/v2\/product\/4539","targetHints":{"allow":["GET"]}}],"collection":[{"href":"https:\/\/eyewear.com.co\/index.php\/wp-json\/wp\/v2\/product"}],"about":[{"href":"https:\/\/eyewear.com.co\/index.php\/wp-json\/wp\/v2\/types\/product"}],"wp:featuredmedia":[{"embeddable":true,"href":"https:\/\/eyewear.com.co\/index.php\/wp-json\/wp\/v2\/media\/4540"}],"wp:attachment":[{"href":"https:\/\/eyewear.com.co\/index.php\/wp-json\/wp\/v2\/media?parent=4539"}],"wp:term":[{"taxonomy":"product_brand","embeddable":true,"href":"https:\/\/eyewear.com.co\/index.php\/wp-json\/wp\/v2\/product_brand?post=4539"},{"taxonomy":"product_cat","embeddable":true,"href":"https:\/\/eyewear.com.co\/index.php\/wp-json\/wp\/v2\/product_cat?post=4539"},{"taxonomy":"product_tag","embeddable":true,"href":"https:\/\/eyewear.com.co\/index.php\/wp-json\/wp\/v2\/product_tag?post=4539"}],"curies":[{"name":"wp","href":"https:\/\/api.w.org\/{rel}","templated":true}]}}