{"id":4276,"date":"2021-08-09T15:31:06","date_gmt":"2021-08-09T15:31:06","guid":{"rendered":"https:\/\/eyewear.com.co\/?post_type=product&#038;p=4276"},"modified":"2024-05-30T22:11:17","modified_gmt":"2024-05-30T22:11:17","slug":"bliz-bike-helmet-zonar-black-m14-l","status":"publish","type":"product","link":"https:\/\/eyewear.com.co\/index.php\/product\/bliz-bike-helmet-zonar-black-m14-l\/","title":{"rendered":"Bliz Bike Helmet Zonar Black M14"},"content":{"rendered":"","protected":false},"excerpt":{"rendered":"<p>Uno de los desaf\u00edos m\u00e1s dif\u00edciles que puede enfrentar un ciclista es el viento. Otro es el calor. Una carrera ciclista se puede desarrollar en varias formas y escenarios. Como ciclista, debe mantenerse alerta y adaptable en todo momento, al igual que su equipo. Zonar es un casco ligero con dise\u00f1o polivalente que redefine la aerodin\u00e1mica.<\/p>\n<p>La forma especial y la cubierta ajustable reducen el arrastre cuando est\u00e1n cerrados o aumentan el flujo de aire al exponer los canales de ventilaci\u00f3n integrados. Nuestra innovadora tecnolog\u00eda Bliz AirFlow Vent reduce la resistencia del aire cuando es necesario y le brinda al usuario una agradable brisa, creando un clima perfecto y manteniendo la cabeza fresca incluso en carreras calurosas.<\/p>\n","protected":false},"featured_media":4277,"template":"","meta":{"_acf_changed":false},"product_brand":[],"product_cat":[136,161,135,153],"product_tag":[],"class_list":{"0":"post-4276","1":"product","2":"type-product","3":"status-publish","4":"has-post-thumbnail","6":"product_cat-cascos-ciclismo","7":"product_cat-dsi02","8":"product_cat-cascos-y-proteccion-bliz","9":"product_cat-cascos-bliz-zonar","10":"pa_talla-l","11":"pa_talla-m","13":"first","14":"outofstock","15":"sale","16":"taxable","17":"shipping-taxable","18":"purchasable","19":"product-type-variable","20":"rtwpvg-product"},"acf":[],"_links":{"self":[{"href":"https:\/\/eyewear.com.co\/index.php\/wp-json\/wp\/v2\/product\/4276","targetHints":{"allow":["GET"]}}],"collection":[{"href":"https:\/\/eyewear.com.co\/index.php\/wp-json\/wp\/v2\/product"}],"about":[{"href":"https:\/\/eyewear.com.co\/index.php\/wp-json\/wp\/v2\/types\/product"}],"wp:featuredmedia":[{"embeddable":true,"href":"https:\/\/eyewear.com.co\/index.php\/wp-json\/wp\/v2\/media\/4277"}],"wp:attachment":[{"href":"https:\/\/eyewear.com.co\/index.php\/wp-json\/wp\/v2\/media?parent=4276"}],"wp:term":[{"taxonomy":"product_brand","embeddable":true,"href":"https:\/\/eyewear.com.co\/index.php\/wp-json\/wp\/v2\/product_brand?post=4276"},{"taxonomy":"product_cat","embeddable":true,"href":"https:\/\/eyewear.com.co\/index.php\/wp-json\/wp\/v2\/product_cat?post=4276"},{"taxonomy":"product_tag","embeddable":true,"href":"https:\/\/eyewear.com.co\/index.php\/wp-json\/wp\/v2\/product_tag?post=4276"}],"curies":[{"name":"wp","href":"https:\/\/api.w.org\/{rel}","templated":true}]}}