{"id":4263,"date":"2021-08-08T13:35:39","date_gmt":"2021-08-08T13:35:39","guid":{"rendered":"https:\/\/eyewear.com.co\/?post_type=product&#038;p=4263"},"modified":"2023-09-15T07:06:10","modified_gmt":"2023-09-15T07:06:10","slug":"bliz-bike-helmet-alpha-m12","status":"publish","type":"product","link":"https:\/\/eyewear.com.co\/index.php\/product\/bliz-bike-helmet-alpha-m12\/","title":{"rendered":"Bliz Bike Helmet Alpha M12"},"content":{"rendered":"","protected":false},"excerpt":{"rendered":"<p>Alfa. Hazlo todo casco de ciclismo. Si necesita un casco c\u00f3modo y fresco con un gran rendimiento en todos los entornos. Ya sea que est\u00e9 en la carretera abierta o en su pista favorita en el bosque. Alpha es la mejor opci\u00f3n. Tallas S: 50-54cm M: 54-58cm L: 58-61cm<\/p>\n","protected":false},"featured_media":4181,"template":"","meta":{"_acf_changed":false},"product_brand":[],"product_cat":[152,161,135],"product_tag":[],"class_list":{"0":"post-4263","1":"product","2":"type-product","3":"status-publish","4":"has-post-thumbnail","6":"product_cat-cascos-bliz-alpha","7":"product_cat-dsi02","8":"product_cat-cascos-y-proteccion-bliz","9":"pa_color-blanco","10":"pa_color-negro","11":"pa_talla-l","12":"pa_talla-m","13":"pa_talla-s","15":"first","16":"outofstock","17":"sale","18":"taxable","19":"shipping-taxable","20":"purchasable","21":"product-type-variable","22":"has-default-attributes","23":"rtwpvg-product"},"acf":[],"_links":{"self":[{"href":"https:\/\/eyewear.com.co\/index.php\/wp-json\/wp\/v2\/product\/4263","targetHints":{"allow":["GET"]}}],"collection":[{"href":"https:\/\/eyewear.com.co\/index.php\/wp-json\/wp\/v2\/product"}],"about":[{"href":"https:\/\/eyewear.com.co\/index.php\/wp-json\/wp\/v2\/types\/product"}],"wp:featuredmedia":[{"embeddable":true,"href":"https:\/\/eyewear.com.co\/index.php\/wp-json\/wp\/v2\/media\/4181"}],"wp:attachment":[{"href":"https:\/\/eyewear.com.co\/index.php\/wp-json\/wp\/v2\/media?parent=4263"}],"wp:term":[{"taxonomy":"product_brand","embeddable":true,"href":"https:\/\/eyewear.com.co\/index.php\/wp-json\/wp\/v2\/product_brand?post=4263"},{"taxonomy":"product_cat","embeddable":true,"href":"https:\/\/eyewear.com.co\/index.php\/wp-json\/wp\/v2\/product_cat?post=4263"},{"taxonomy":"product_tag","embeddable":true,"href":"https:\/\/eyewear.com.co\/index.php\/wp-json\/wp\/v2\/product_tag?post=4263"}],"curies":[{"name":"wp","href":"https:\/\/api.w.org\/{rel}","templated":true}]}}