{"id":4174,"date":"2021-08-05T03:43:02","date_gmt":"2021-08-05T03:43:02","guid":{"rendered":"https:\/\/eyewear.com.co\/?post_type=product&#038;p=4174"},"modified":"2024-11-18T14:38:30","modified_gmt":"2024-11-18T14:38:30","slug":"bliz-active-matrix-nano-optics-photochromic","status":"publish","type":"product","link":"https:\/\/eyewear.com.co\/index.php\/product\/bliz-active-matrix-nano-optics-photochromic\/","title":{"rendered":"Bliz Active Matrix Nano Optics Photochromic"},"content":{"rendered":"","protected":false},"excerpt":{"rendered":"<p><strong>REF:<\/strong> 52104-13P<br \/>\n<strong>SIZE:<\/strong>\u00a0M\/L<br \/>\n<strong>COLOR:<\/strong>\u00a0Matt Black<br \/>\n<strong>LENS:<\/strong>\u00a0Brown w blue multi Photocromic<br \/>\n<strong>FILTER CATEGORY:\u00a0<\/strong>1-3<\/p>\n<p>Libera tus poderes internos con Matrix. Este modelo es perfecto para ciclismo, esqu\u00ed de fondo y otros deportes m\u00faltiples. Un campo de visi\u00f3n amplio, cil\u00edndrico y una ventilaci\u00f3n inteligente que\u00a0 brindan la mejor visi\u00f3n posible. Matrix Nano Optics Photochromic est\u00e1 equipado con un lente fotocrom\u00e1tico que ajusta autom\u00e1ticamente la oscuridad del lente a la intensidad de la luz solar (luz ultravioleta). El lente var\u00eda entre categor\u00edas de filtro de 1 a 3, seg\u00fan las condiciones clim\u00e1ticas. Tiene una distorsi\u00f3n m\u00ednima y propiedades antivaho integradas. Muchas posibilidades de ajuste que\u00a0 brindan una comodidad inmejorable. Matrix Nano Optics Photochromic es un par de anteojos c\u00f3modos que te permiten rendir al m\u00e1ximo, incluso cuando el clima empeora.<\/p>\n","protected":false},"featured_media":4175,"template":"","meta":{"_acf_changed":false},"product_brand":[],"product_cat":[163,161,138,147,171],"product_tag":[],"class_list":{"0":"post-4174","1":"product","2":"type-product","3":"status-publish","4":"has-post-thumbnail","6":"product_cat-blackfriday","7":"product_cat-dsi02","8":"product_cat-gafas-deportivas-active","9":"product_cat-matrix","10":"product_cat-matrix-lente-fotocromatico","12":"first","13":"outofstock","14":"taxable","15":"shipping-taxable","16":"purchasable","17":"product-type-simple"},"acf":[],"_links":{"self":[{"href":"https:\/\/eyewear.com.co\/index.php\/wp-json\/wp\/v2\/product\/4174","targetHints":{"allow":["GET"]}}],"collection":[{"href":"https:\/\/eyewear.com.co\/index.php\/wp-json\/wp\/v2\/product"}],"about":[{"href":"https:\/\/eyewear.com.co\/index.php\/wp-json\/wp\/v2\/types\/product"}],"wp:featuredmedia":[{"embeddable":true,"href":"https:\/\/eyewear.com.co\/index.php\/wp-json\/wp\/v2\/media\/4175"}],"wp:attachment":[{"href":"https:\/\/eyewear.com.co\/index.php\/wp-json\/wp\/v2\/media?parent=4174"}],"wp:term":[{"taxonomy":"product_brand","embeddable":true,"href":"https:\/\/eyewear.com.co\/index.php\/wp-json\/wp\/v2\/product_brand?post=4174"},{"taxonomy":"product_cat","embeddable":true,"href":"https:\/\/eyewear.com.co\/index.php\/wp-json\/wp\/v2\/product_cat?post=4174"},{"taxonomy":"product_tag","embeddable":true,"href":"https:\/\/eyewear.com.co\/index.php\/wp-json\/wp\/v2\/product_tag?post=4174"}],"curies":[{"name":"wp","href":"https:\/\/api.w.org\/{rel}","templated":true}]}}