{"id":4145,"date":"2021-08-05T03:28:06","date_gmt":"2021-08-05T03:28:06","guid":{"rendered":"https:\/\/eyewear.com.co\/?post_type=product&#038;p=4145"},"modified":"2024-11-18T14:38:54","modified_gmt":"2024-11-18T14:38:54","slug":"bliz-active-fusion-matt-white-m12","status":"publish","type":"product","link":"https:\/\/eyewear.com.co\/index.php\/product\/bliz-active-fusion-matt-white-m12\/","title":{"rendered":"Bliz Active Fusion Matt White M12"},"content":{"rendered":"","protected":false},"excerpt":{"rendered":"<div><strong>REF:<\/strong>52105-00<\/div>\n<div><strong>SIZE:<\/strong>\u00a0M\/L<\/div>\n<div class=\"ng-scope\"><strong>COLOR:<\/strong>\u00a0Matt White<\/div>\n<div class=\"ng-scope\"><strong>LENS:<\/strong>\u00a0Smoke w red multi<\/div>\n<div class=\"ng-scope\"><strong>FILTER CATEGORY:<\/strong>\u00a03<\/div>\n<div><\/div>\n<p>Fusion y t\u00fa son bastante parecidos. \u00a1Eres fuerte, flexible e imbatible! Este es un modelo \u00fanico, t\u00e9cnicamente avanzado y totalmente personalizable. Ligero y con tecnolog\u00eda Jawbone. Tanto la almohadilla para la nariz como las patillas son ajustables, lo que le brinda una comodidad inmejorable.<\/p>\n<p>La gran lente cil\u00edndrica est\u00e1 ventilada y maximiza su campo de visi\u00f3n. Fusion est\u00e1 equipado con Hydro Lens Tech \u2122. Una lente de alta calidad \u00f3ptica para una visi\u00f3n clara en diferentes condiciones clim\u00e1ticas. Esta es la elecci\u00f3n perfecta para el ciclismo, el esqu\u00ed y otros deportes multideportivos exigentes. Fusion es la elecci\u00f3n correcta si tiene altas exigencias y grandes ambiciones.<\/p>\n","protected":false},"featured_media":4146,"template":"","meta":{"_acf_changed":false},"product_brand":[],"product_cat":[161,148,180,138],"product_tag":[],"class_list":{"0":"post-4145","1":"product","2":"type-product","3":"status-publish","4":"has-post-thumbnail","6":"product_cat-dsi02","7":"product_cat-fusion","8":"product_cat-fusion-hydro-lens-tech","9":"product_cat-gafas-deportivas-active","11":"first","12":"outofstock","13":"taxable","14":"shipping-taxable","15":"purchasable","16":"product-type-simple"},"acf":[],"_links":{"self":[{"href":"https:\/\/eyewear.com.co\/index.php\/wp-json\/wp\/v2\/product\/4145","targetHints":{"allow":["GET"]}}],"collection":[{"href":"https:\/\/eyewear.com.co\/index.php\/wp-json\/wp\/v2\/product"}],"about":[{"href":"https:\/\/eyewear.com.co\/index.php\/wp-json\/wp\/v2\/types\/product"}],"wp:featuredmedia":[{"embeddable":true,"href":"https:\/\/eyewear.com.co\/index.php\/wp-json\/wp\/v2\/media\/4146"}],"wp:attachment":[{"href":"https:\/\/eyewear.com.co\/index.php\/wp-json\/wp\/v2\/media?parent=4145"}],"wp:term":[{"taxonomy":"product_brand","embeddable":true,"href":"https:\/\/eyewear.com.co\/index.php\/wp-json\/wp\/v2\/product_brand?post=4145"},{"taxonomy":"product_cat","embeddable":true,"href":"https:\/\/eyewear.com.co\/index.php\/wp-json\/wp\/v2\/product_cat?post=4145"},{"taxonomy":"product_tag","embeddable":true,"href":"https:\/\/eyewear.com.co\/index.php\/wp-json\/wp\/v2\/product_tag?post=4145"}],"curies":[{"name":"wp","href":"https:\/\/api.w.org\/{rel}","templated":true}]}}