{"id":4110,"date":"2021-08-05T03:05:52","date_gmt":"2021-08-05T03:05:52","guid":{"rendered":"https:\/\/eyewear.com.co\/?post_type=product&#038;p=4110"},"modified":"2024-11-18T14:39:23","modified_gmt":"2024-11-18T14:39:23","slug":"matrix-small-nano-nordic-light-2","status":"publish","type":"product","link":"https:\/\/eyewear.com.co\/index.php\/product\/matrix-small-nano-nordic-light-2\/","title":{"rendered":"Matrix Small &#8211; Nano | Nordic Light"},"content":{"rendered":"","protected":false},"excerpt":{"rendered":"<div class=\"ng-scope\"><strong>REF: <\/strong>52107-14N<\/div>\n<div><strong>SIZE:<\/strong>\u00a0Small<\/div>\n<div class=\"ng-scope\"><strong>COLOR:<\/strong>\u00a0Matt Black<\/div>\n<div class=\"ng-scope\"><strong>LENS:<\/strong>\u00a0Nano Optics | Nordic Light Begonia: Violet w blue multi<\/div>\n<div class=\"ng-scope\"><strong>FILTER CATEGORY:<\/strong>\u00a02<\/div>\n<div><\/div>\n<p>Libera tus poderes internos con Matrix Small. Este modelo est\u00e1 hecho para rostros m\u00e1s peque\u00f1os y es perfecto para ciclismo, esqu\u00ed de fondo y otros deportes m\u00faltiples. Un campo de visi\u00f3n amplio y cil\u00edndrico y una ventilaci\u00f3n inteligente le brindan la mejor visi\u00f3n posible. Matrix Small Nano Optics Nordic Light es una lente de alta tecnolog\u00eda que mejora significativamente el contraste en condiciones de poca visibilidad (luz plana).<\/p>\n<p>La lente tiene una distorsi\u00f3n m\u00ednima y propiedades antivaho integradas. Muchas posibilidades de ajuste le brindan una comodidad de clase mundial. Matrix Small Nano Optics Nordic Light es un par de anteojos c\u00f3modos que te permiten rendir al m\u00e1ximo, incluso cuando las condiciones de luz fallan.<\/p>\n","protected":false},"featured_media":4111,"template":"","meta":{"_acf_changed":false},"product_brand":[],"product_cat":[161,138,174,151],"product_tag":[],"class_list":{"0":"post-4110","1":"product","2":"type-product","3":"status-publish","4":"has-post-thumbnail","6":"product_cat-dsi02","7":"product_cat-gafas-deportivas-active","8":"product_cat-matrix-small-nano-optics-nordiclight","9":"product_cat-matrix-small","11":"first","12":"outofstock","13":"taxable","14":"shipping-taxable","15":"purchasable","16":"product-type-simple"},"acf":[],"_links":{"self":[{"href":"https:\/\/eyewear.com.co\/index.php\/wp-json\/wp\/v2\/product\/4110","targetHints":{"allow":["GET"]}}],"collection":[{"href":"https:\/\/eyewear.com.co\/index.php\/wp-json\/wp\/v2\/product"}],"about":[{"href":"https:\/\/eyewear.com.co\/index.php\/wp-json\/wp\/v2\/types\/product"}],"wp:featuredmedia":[{"embeddable":true,"href":"https:\/\/eyewear.com.co\/index.php\/wp-json\/wp\/v2\/media\/4111"}],"wp:attachment":[{"href":"https:\/\/eyewear.com.co\/index.php\/wp-json\/wp\/v2\/media?parent=4110"}],"wp:term":[{"taxonomy":"product_brand","embeddable":true,"href":"https:\/\/eyewear.com.co\/index.php\/wp-json\/wp\/v2\/product_brand?post=4110"},{"taxonomy":"product_cat","embeddable":true,"href":"https:\/\/eyewear.com.co\/index.php\/wp-json\/wp\/v2\/product_cat?post=4110"},{"taxonomy":"product_tag","embeddable":true,"href":"https:\/\/eyewear.com.co\/index.php\/wp-json\/wp\/v2\/product_tag?post=4110"}],"curies":[{"name":"wp","href":"https:\/\/api.w.org\/{rel}","templated":true}]}}