{"id":4104,"date":"2021-08-05T02:57:56","date_gmt":"2021-08-05T02:57:56","guid":{"rendered":"https:\/\/eyewear.com.co\/?post_type=product&#038;p=4104"},"modified":"2024-11-18T14:39:29","modified_gmt":"2024-11-18T14:39:29","slug":"bliz-active-matrix-small-m11-powder-pink","status":"publish","type":"product","link":"https:\/\/eyewear.com.co\/index.php\/product\/bliz-active-matrix-small-m11-powder-pink\/","title":{"rendered":"Bliz Active Matrix Small M11 Powder Pink"},"content":{"rendered":"","protected":false},"excerpt":{"rendered":"<div><strong>REF:<\/strong>\u00a0 52107-49<\/div>\n<div><strong>SIZE:\u00a0Small<\/strong><\/div>\n<div class=\"ng-scope\"><strong>COLOR:<\/strong>\u00a0Matt Powder Pink<\/div>\n<div class=\"ng-scope\"><strong>LENS:<\/strong>\u00a0Brown w rose multi<\/div>\n<div class=\"ng-scope\"><strong>FILTER CATEGORY:<\/strong> 3<\/div>\n<div><\/div>\n<p>Libera tus poderes internos con Matrix Small. Un modelo perfecto para ciclismo, esqu\u00ed de fondo y otros deportes m\u00faltiples. Con Matrix Small nunca se pierde nada. El amplio campo de visi\u00f3n cil\u00edndrico y la ventilaci\u00f3n inteligente siempre proporcionan la mejor visi\u00f3n posible.<\/p>\n<p>Matrix Small est\u00e1 equipado con Hydro Lens Tech \u2122. Una lente en X-PC con alta calidad \u00f3ptica para una visi\u00f3n clara en diferentes condiciones clim\u00e1ticas. Obtiene la mayor comodidad posible con una almohadilla nasal ajustable y patillas ajustables. Matrix Small se ha creado pensando en su rendimiento.<\/p>\n","protected":false},"featured_media":4105,"template":"","meta":{"_acf_changed":false},"product_brand":[],"product_cat":[163,161,138,175,151],"product_tag":[],"class_list":{"0":"post-4104","1":"product","2":"type-product","3":"status-publish","4":"has-post-thumbnail","6":"product_cat-blackfriday","7":"product_cat-dsi02","8":"product_cat-gafas-deportivas-active","9":"product_cat-matrix-small-hydro-lens-tech","10":"product_cat-matrix-small","12":"first","13":"outofstock","14":"taxable","15":"shipping-taxable","16":"purchasable","17":"product-type-simple"},"acf":[],"_links":{"self":[{"href":"https:\/\/eyewear.com.co\/index.php\/wp-json\/wp\/v2\/product\/4104","targetHints":{"allow":["GET"]}}],"collection":[{"href":"https:\/\/eyewear.com.co\/index.php\/wp-json\/wp\/v2\/product"}],"about":[{"href":"https:\/\/eyewear.com.co\/index.php\/wp-json\/wp\/v2\/types\/product"}],"wp:featuredmedia":[{"embeddable":true,"href":"https:\/\/eyewear.com.co\/index.php\/wp-json\/wp\/v2\/media\/4105"}],"wp:attachment":[{"href":"https:\/\/eyewear.com.co\/index.php\/wp-json\/wp\/v2\/media?parent=4104"}],"wp:term":[{"taxonomy":"product_brand","embeddable":true,"href":"https:\/\/eyewear.com.co\/index.php\/wp-json\/wp\/v2\/product_brand?post=4104"},{"taxonomy":"product_cat","embeddable":true,"href":"https:\/\/eyewear.com.co\/index.php\/wp-json\/wp\/v2\/product_cat?post=4104"},{"taxonomy":"product_tag","embeddable":true,"href":"https:\/\/eyewear.com.co\/index.php\/wp-json\/wp\/v2\/product_tag?post=4104"}],"curies":[{"name":"wp","href":"https:\/\/api.w.org\/{rel}","templated":true}]}}