{"id":4091,"date":"2021-08-05T02:34:50","date_gmt":"2021-08-05T02:34:50","guid":{"rendered":"https:\/\/eyewear.com.co\/?post_type=product&#038;p=4091"},"modified":"2024-11-18T14:39:36","modified_gmt":"2024-11-18T14:39:36","slug":"4091","status":"publish","type":"product","link":"https:\/\/eyewear.com.co\/index.php\/product\/4091\/","title":{"rendered":"Bliz Active Matrix White M11"},"content":{"rendered":"","protected":false},"excerpt":{"rendered":"<div><strong>REF: 52804-03<\/strong><\/div>\n<div><strong>SIZE:<\/strong>\u00a0M\/L<\/div>\n<div class=\"ng-scope\"><strong>COLOR:<\/strong>\u00a0White<\/div>\n<div class=\"ng-scope\"><strong>LENS:<\/strong>\u00a0Smoke w blue multi<\/div>\n<div class=\"ng-scope\"><strong>FILTER CATEGORY:<\/strong> 3<\/div>\n<div><\/div>\n<p>&nbsp;<\/p>\n<p>Libera tus poderes internos con Matrix. Un modelo perfecto para ciclismo, esqu\u00ed de fondo y otros deportes m\u00faltiples. Con Matrix nunca se pierde nada. El amplio campo de visi\u00f3n cil\u00edndrico y la ventilaci\u00f3n inteligente siempre proporcionan la mejor visi\u00f3n posible.<\/p>\n<p>Matrix est\u00e1 equipado con Hydro Lens Tech \u2122. Una lente en X-PC con alta calidad \u00f3ptica para una visi\u00f3n clara en diferentes condiciones clim\u00e1ticas. Obtiene la mayor comodidad posible con una almohadilla nasal ajustable y patillas ajustables. Matrix se construye pensando en su rendimiento.<\/p>\n","protected":false},"featured_media":4092,"template":"","meta":{"_acf_changed":false},"product_brand":[],"product_cat":[161,138,147,173],"product_tag":[],"class_list":{"0":"post-4091","1":"product","2":"type-product","3":"status-publish","4":"has-post-thumbnail","6":"product_cat-dsi02","7":"product_cat-gafas-deportivas-active","8":"product_cat-matrix","9":"product_cat-matrix-hydro-lens-tech","11":"first","12":"outofstock","13":"taxable","14":"shipping-taxable","15":"purchasable","16":"product-type-simple"},"acf":[],"_links":{"self":[{"href":"https:\/\/eyewear.com.co\/index.php\/wp-json\/wp\/v2\/product\/4091","targetHints":{"allow":["GET"]}}],"collection":[{"href":"https:\/\/eyewear.com.co\/index.php\/wp-json\/wp\/v2\/product"}],"about":[{"href":"https:\/\/eyewear.com.co\/index.php\/wp-json\/wp\/v2\/types\/product"}],"wp:featuredmedia":[{"embeddable":true,"href":"https:\/\/eyewear.com.co\/index.php\/wp-json\/wp\/v2\/media\/4092"}],"wp:attachment":[{"href":"https:\/\/eyewear.com.co\/index.php\/wp-json\/wp\/v2\/media?parent=4091"}],"wp:term":[{"taxonomy":"product_brand","embeddable":true,"href":"https:\/\/eyewear.com.co\/index.php\/wp-json\/wp\/v2\/product_brand?post=4091"},{"taxonomy":"product_cat","embeddable":true,"href":"https:\/\/eyewear.com.co\/index.php\/wp-json\/wp\/v2\/product_cat?post=4091"},{"taxonomy":"product_tag","embeddable":true,"href":"https:\/\/eyewear.com.co\/index.php\/wp-json\/wp\/v2\/product_tag?post=4091"}],"curies":[{"name":"wp","href":"https:\/\/api.w.org\/{rel}","templated":true}]}}