{"id":3905,"date":"2021-07-25T13:28:40","date_gmt":"2021-07-25T13:28:40","guid":{"rendered":"https:\/\/eyewear.com.co\/?post_type=product&#038;p=3905"},"modified":"2025-04-23T13:58:31","modified_gmt":"2025-04-23T13:58:31","slug":"vision-nano-nordic-light","status":"publish","type":"product","link":"https:\/\/eyewear.com.co\/index.php\/product\/vision-nano-nordic-light\/","title":{"rendered":"Vision &#8211; Nano | Nordic Light"},"content":{"rendered":"","protected":false},"excerpt":{"rendered":"<div class=\"row\">\n<div class=\"col-70\">\n<div class=\"product-post__details\">\n<div><strong>REF:<\/strong>\u00a052101-13N<\/div>\n<div><strong>SIZE:<\/strong>\u00a0M\/L<\/div>\n<div class=\"ng-scope\"><strong>COLOR:<\/strong>\u00a0Matt Black<\/div>\n<div class=\"ng-scope\"><strong>LENS:<\/strong>\u00a0Nano Optics| Nordic Light Coral: Orange w blue multi<\/div>\n<div class=\"ng-scope\"><strong>FILTER CATEGORY:<\/strong>\u00a01<\/div>\n<\/div>\n<\/div>\n<\/div>\n<div class=\"product-post__description hide--s\">\n<p class=\"text-big\">Si se toma en serio su deporte, se toma en serio su visi\u00f3n. Por eso hemos desarrollado Vision pensando en usted. Un modelo tan personalizable que puedes hacerlo verdaderamente tuyo. Vision es t\u00e9cnicamente avanzado, liviano y altamente adaptable debido a su tecnolog\u00eda Jawbone. La almohadilla para la nariz y las patillas se ajustan f\u00e1cilmente para brindar una comodidad inmejorable. La gran lente cil\u00edndrica tiene una claridad \u00f3ptica excepcional y maximiza su campo de visi\u00f3n. Adem\u00e1s, tiene una ventilaci\u00f3n extraordinariamente eficiente.<\/p>\n<p>Vision est\u00e1 equipado con una lente Nano Optics Nordic Light \u2122, una lente de alta tecnolog\u00eda que mejora significativamente el contraste en condiciones de poca visibilidad (luz plana). La lente tambi\u00e9n tiene una distorsi\u00f3n m\u00ednima y propiedades antivaho integradas. Como beneficio adicional para aquellos de ustedes que usan anteojos, hay un adaptador \u00f3ptico que puede contener la prescripci\u00f3n de sus anteojos (se compra por separado). Vision es una elecci\u00f3n perfecta para el ciclismo, el esqu\u00ed y otros deportes exigentes. \u00a1Una oportunidad de obtener una visi\u00f3n 100% \u00f3ptima que se adapta perfectamente a sus necesidades personales!<\/p>\n<\/div>\n","protected":false},"featured_media":3906,"template":"","meta":{"_acf_changed":false},"product_brand":[],"product_cat":[161,149,182],"product_tag":[],"class_list":{"0":"post-3905","1":"product","2":"type-product","3":"status-publish","4":"has-post-thumbnail","6":"product_cat-dsi02","7":"product_cat-vision","8":"product_cat-vision-nano-optics-nordic-light","10":"first","11":"instock","12":"featured","13":"taxable","14":"shipping-taxable","15":"purchasable","16":"product-type-simple"},"acf":[],"_links":{"self":[{"href":"https:\/\/eyewear.com.co\/index.php\/wp-json\/wp\/v2\/product\/3905","targetHints":{"allow":["GET"]}}],"collection":[{"href":"https:\/\/eyewear.com.co\/index.php\/wp-json\/wp\/v2\/product"}],"about":[{"href":"https:\/\/eyewear.com.co\/index.php\/wp-json\/wp\/v2\/types\/product"}],"wp:featuredmedia":[{"embeddable":true,"href":"https:\/\/eyewear.com.co\/index.php\/wp-json\/wp\/v2\/media\/3906"}],"wp:attachment":[{"href":"https:\/\/eyewear.com.co\/index.php\/wp-json\/wp\/v2\/media?parent=3905"}],"wp:term":[{"taxonomy":"product_brand","embeddable":true,"href":"https:\/\/eyewear.com.co\/index.php\/wp-json\/wp\/v2\/product_brand?post=3905"},{"taxonomy":"product_cat","embeddable":true,"href":"https:\/\/eyewear.com.co\/index.php\/wp-json\/wp\/v2\/product_cat?post=3905"},{"taxonomy":"product_tag","embeddable":true,"href":"https:\/\/eyewear.com.co\/index.php\/wp-json\/wp\/v2\/product_tag?post=3905"}],"curies":[{"name":"wp","href":"https:\/\/api.w.org\/{rel}","templated":true}]}}