{"id":3895,"date":"2021-07-25T13:24:06","date_gmt":"2021-07-25T13:24:06","guid":{"rendered":"https:\/\/eyewear.com.co\/?post_type=product&#038;p=3895"},"modified":"2024-11-07T15:21:46","modified_gmt":"2024-11-07T15:21:46","slug":"bliz-active-vision-matt-neon-pink-m12","status":"publish","type":"product","link":"https:\/\/eyewear.com.co\/index.php\/product\/bliz-active-vision-matt-neon-pink-m12\/","title":{"rendered":"Bliz Active Vision Matt Neon Pink M12"},"content":{"rendered":"","protected":false},"excerpt":{"rendered":"<p><strong>REF:<\/strong>\u00a0 52001-43<br \/>\n<strong>SIZE:<\/strong> M\/L<br \/>\n<strong>COLOR:<\/strong> Pink<br \/>\n<strong>LENS:<\/strong> Brown w pink multi<br \/>\n<strong>FILTER CATEGORY:<\/strong> 3<\/p>\n<p>Visi\u00f3n; dise\u00f1ado para adaptarse a rostros m\u00e1s anchos, as\u00ed como a Asia. Son t\u00e9cnicamente avanzados con tecnolog\u00eda ligera y Jawbone. La almohadilla para la nariz y las patillas se ajustan f\u00e1cilmente para brindar una comodidad inmejorable. La gran lente cil\u00edndrica tiene una alta calidad \u00f3ptica y maximiza su campo de visi\u00f3n. Vision est\u00e1 equipado con una lente Hydro Lens Tech, que le brinda una visi\u00f3n clara en cualquier condici\u00f3n clim\u00e1tica.<\/p>\n<p>Como caracter\u00edstica \u00fanica, puede usar un adaptador \u00f3ptico que puede ajustar para que se ajuste a la prescripci\u00f3n de sus anteojos (se puede comprar por separado). Vision es una elecci\u00f3n perfecta para el ciclismo, el esqu\u00ed y otros deportes multideportivos exigentes. \u00a1Una oportunidad de obtener una visi\u00f3n 100% \u00f3ptima adaptada a sus condiciones!<\/p>\n","protected":false},"featured_media":3896,"template":"","meta":{"_acf_changed":false},"product_brand":[],"product_cat":[163,161,149,183],"product_tag":[],"class_list":{"0":"post-3895","1":"product","2":"type-product","3":"status-publish","4":"has-post-thumbnail","6":"product_cat-blackfriday","7":"product_cat-dsi02","8":"product_cat-vision","9":"product_cat-vision-hydro-lens-tech","11":"first","12":"outofstock","13":"sale","14":"featured","15":"taxable","16":"shipping-taxable","17":"purchasable","18":"product-type-simple"},"acf":[],"_links":{"self":[{"href":"https:\/\/eyewear.com.co\/index.php\/wp-json\/wp\/v2\/product\/3895","targetHints":{"allow":["GET"]}}],"collection":[{"href":"https:\/\/eyewear.com.co\/index.php\/wp-json\/wp\/v2\/product"}],"about":[{"href":"https:\/\/eyewear.com.co\/index.php\/wp-json\/wp\/v2\/types\/product"}],"wp:featuredmedia":[{"embeddable":true,"href":"https:\/\/eyewear.com.co\/index.php\/wp-json\/wp\/v2\/media\/3896"}],"wp:attachment":[{"href":"https:\/\/eyewear.com.co\/index.php\/wp-json\/wp\/v2\/media?parent=3895"}],"wp:term":[{"taxonomy":"product_brand","embeddable":true,"href":"https:\/\/eyewear.com.co\/index.php\/wp-json\/wp\/v2\/product_brand?post=3895"},{"taxonomy":"product_cat","embeddable":true,"href":"https:\/\/eyewear.com.co\/index.php\/wp-json\/wp\/v2\/product_cat?post=3895"},{"taxonomy":"product_tag","embeddable":true,"href":"https:\/\/eyewear.com.co\/index.php\/wp-json\/wp\/v2\/product_tag?post=3895"}],"curies":[{"name":"wp","href":"https:\/\/api.w.org\/{rel}","templated":true}]}}