{"id":3827,"date":"2021-07-24T13:37:30","date_gmt":"2021-07-24T13:37:30","guid":{"rendered":"https:\/\/eyewear.com.co\/?post_type=product&#038;p=3827"},"modified":"2025-04-23T13:59:43","modified_gmt":"2025-04-23T13:59:43","slug":"fusion-nano-nordic-light-2","status":"publish","type":"product","link":"https:\/\/eyewear.com.co\/index.php\/product\/fusion-nano-nordic-light-2\/","title":{"rendered":"Fusion &#8211; Nano | Nordic Light"},"content":{"rendered":"","protected":false},"excerpt":{"rendered":"<p><strong>REF:<\/strong> 52105-34N<br \/>\n<strong>SIZE:<\/strong> M\/L<br \/>\n<strong>COLOR:<\/strong> Turquoise<br \/>\n<strong>LENS:<\/strong> Nano Optics | Nordic Light Begonia: Violet w blue multi<br \/>\n<strong>FILTER CATEGORY:<\/strong> 2<\/p>\n<p>Fusion y t\u00fa hacen una gran pareja. \u00a1Ambos son fuertes, flexibles e imbatibles! Este es un modelo \u00fanico, t\u00e9cnicamente avanzado y totalmente ajustable. Ligero y equipado con tecnolog\u00eda Jawbone. Las almohadillas para la nariz y las patillas ajustables brindan una comodidad superior. La lente cil\u00edndrica grande y ventilada maximiza su campo de visi\u00f3n.<\/p>\n<p>Fusion Nano Optics Nordic Light est\u00e1 equipado con una lente Nordic Light \u2122, una lente de alta tecnolog\u00eda que mejora significativamente los contrastes en condiciones de poca visibilidad (luz plana). La lente tambi\u00e9n tiene una distorsi\u00f3n m\u00ednima y propiedades antivaho integradas. El resultado es la elecci\u00f3n perfecta para el ciclismo, el esqu\u00ed y otros deportes exigentes. Si sus est\u00e1ndares son tan elevados como sus ambiciones, Fusion Nano Optics Nordic Light es la elecci\u00f3n para usted.<\/p>\n","protected":false},"featured_media":3828,"template":"","meta":{"_acf_changed":false},"product_brand":[],"product_cat":[163,161,148,179],"product_tag":[],"class_list":{"0":"post-3827","1":"product","2":"type-product","3":"status-publish","4":"has-post-thumbnail","6":"product_cat-blackfriday","7":"product_cat-dsi02","8":"product_cat-fusion","9":"product_cat-fusion-nano-optics-nordic-light","11":"first","12":"instock","13":"taxable","14":"shipping-taxable","15":"purchasable","16":"product-type-simple"},"acf":[],"_links":{"self":[{"href":"https:\/\/eyewear.com.co\/index.php\/wp-json\/wp\/v2\/product\/3827","targetHints":{"allow":["GET"]}}],"collection":[{"href":"https:\/\/eyewear.com.co\/index.php\/wp-json\/wp\/v2\/product"}],"about":[{"href":"https:\/\/eyewear.com.co\/index.php\/wp-json\/wp\/v2\/types\/product"}],"wp:featuredmedia":[{"embeddable":true,"href":"https:\/\/eyewear.com.co\/index.php\/wp-json\/wp\/v2\/media\/3828"}],"wp:attachment":[{"href":"https:\/\/eyewear.com.co\/index.php\/wp-json\/wp\/v2\/media?parent=3827"}],"wp:term":[{"taxonomy":"product_brand","embeddable":true,"href":"https:\/\/eyewear.com.co\/index.php\/wp-json\/wp\/v2\/product_brand?post=3827"},{"taxonomy":"product_cat","embeddable":true,"href":"https:\/\/eyewear.com.co\/index.php\/wp-json\/wp\/v2\/product_cat?post=3827"},{"taxonomy":"product_tag","embeddable":true,"href":"https:\/\/eyewear.com.co\/index.php\/wp-json\/wp\/v2\/product_tag?post=3827"}],"curies":[{"name":"wp","href":"https:\/\/api.w.org\/{rel}","templated":true}]}}