{"id":3779,"date":"2021-07-24T12:06:06","date_gmt":"2021-07-24T12:06:06","guid":{"rendered":"https:\/\/eyewear.com.co\/?post_type=product&#038;p=3779"},"modified":"2025-04-23T13:59:57","modified_gmt":"2025-04-23T13:59:57","slug":"matrix-nano-nordic-light-2","status":"publish","type":"product","link":"https:\/\/eyewear.com.co\/index.php\/product\/matrix-nano-nordic-light-2\/","title":{"rendered":"Matrix &#8211; Nano | Nordic Light"},"content":{"rendered":"","protected":false},"excerpt":{"rendered":"<p>REF:52104-34N<br \/>\nTALLA: M \/ L<br \/>\nCOLOR: Turquesa<br \/>\nLENTE: Nano\u00f3ptica | Begonia luz n\u00f3rdica: violeta con azul multicolor<br \/>\nCATEGOR\u00cdA DE FILTRO: 2<\/p>\n<p>Libera tus poderes internos con Matrix Small. Este modelo\u00a0 es perfecto para ciclismo, esqu\u00ed de fondo y varios deportes m\u00e1s. Un amplio campo de visi\u00f3n cil\u00edndrico y una ventilaci\u00f3n inteligente, ofrecen la mejor visi\u00f3n posible.<\/p>\n<p>Matrix Small Nano Optics Nordic Light es un lente de alta tecnolog\u00eda que mejora significativamente el contraste en condiciones de poca visibilidad (luz plana). El lente tiene una distorsi\u00f3n m\u00ednima y propiedades anti-empa\u00f1amiento integradas. Las muchas posibilidades de ajuste, brindan una comodidad de clase mundial. Matrix Small Nano Optics Nordic Light es un par de gafas c\u00f3modas, que te permitir\u00e1n rendir al m\u00e1ximo, incluso cuando las condiciones de luz no te lo permitan.<\/p>\n","protected":false},"featured_media":3780,"template":"","meta":{"_acf_changed":false},"product_brand":[],"product_cat":[163,161,138,147,170],"product_tag":[],"class_list":{"0":"post-3779","1":"product","2":"type-product","3":"status-publish","4":"has-post-thumbnail","6":"product_cat-blackfriday","7":"product_cat-dsi02","8":"product_cat-gafas-deportivas-active","9":"product_cat-matrix","10":"product_cat-matrix-lente-nordiclight","12":"first","13":"instock","14":"taxable","15":"shipping-taxable","16":"purchasable","17":"product-type-simple"},"acf":[],"_links":{"self":[{"href":"https:\/\/eyewear.com.co\/index.php\/wp-json\/wp\/v2\/product\/3779","targetHints":{"allow":["GET"]}}],"collection":[{"href":"https:\/\/eyewear.com.co\/index.php\/wp-json\/wp\/v2\/product"}],"about":[{"href":"https:\/\/eyewear.com.co\/index.php\/wp-json\/wp\/v2\/types\/product"}],"wp:featuredmedia":[{"embeddable":true,"href":"https:\/\/eyewear.com.co\/index.php\/wp-json\/wp\/v2\/media\/3780"}],"wp:attachment":[{"href":"https:\/\/eyewear.com.co\/index.php\/wp-json\/wp\/v2\/media?parent=3779"}],"wp:term":[{"taxonomy":"product_brand","embeddable":true,"href":"https:\/\/eyewear.com.co\/index.php\/wp-json\/wp\/v2\/product_brand?post=3779"},{"taxonomy":"product_cat","embeddable":true,"href":"https:\/\/eyewear.com.co\/index.php\/wp-json\/wp\/v2\/product_cat?post=3779"},{"taxonomy":"product_tag","embeddable":true,"href":"https:\/\/eyewear.com.co\/index.php\/wp-json\/wp\/v2\/product_tag?post=3779"}],"curies":[{"name":"wp","href":"https:\/\/api.w.org\/{rel}","templated":true}]}}